{"id":146,"date":"2019-05-20T16:25:23","date_gmt":"2019-05-20T07:25:23","guid":{"rendered":"http:\/\/www.nousaku.co.jp\/en\/?page_id=146"},"modified":"2025-12-01T09:59:55","modified_gmt":"2025-12-01T00:59:55","slug":"workshop","status":"publish","type":"page","link":"https:\/\/www.nousaku.co.jp\/en\/factory\/workshop\/","title":{"rendered":"Casting Workshop &#8211; NOUSAKU LAB"},"content":{"rendered":"\n<figure class=\"wp-block-image\"><img loading=\"lazy\" decoding=\"async\" width=\"1024\" height=\"674\" src=\"https:\/\/www.nousaku.co.jp\/en\/cms\/wp-content\/uploads\/2021\/11\/main_workshop-2-1024x674.jpg\" alt=\"Workshop \u2013 NOUSAKU LAB\" class=\"wp-image-1224\" srcset=\"https:\/\/www.nousaku.co.jp\/en\/cms\/wp-content\/uploads\/2021\/11\/main_workshop-2-1024x674.jpg 1024w, https:\/\/www.nousaku.co.jp\/en\/cms\/wp-content\/uploads\/2021\/11\/main_workshop-2-300x198.jpg 300w, https:\/\/www.nousaku.co.jp\/en\/cms\/wp-content\/uploads\/2021\/11\/main_workshop-2-768x506.jpg 768w, https:\/\/www.nousaku.co.jp\/en\/cms\/wp-content\/uploads\/2021\/11\/main_workshop-2-1568x1033.jpg 1568w, https:\/\/www.nousaku.co.jp\/en\/cms\/wp-content\/uploads\/2021\/11\/main_workshop-2.jpg 1640w\" sizes=\"auto, (max-width: 1024px) 100vw, 1024px\" \/><\/figure>\n\n\n\n<p>You can try hands-on tin casting in this workshop, using sand casting, which is one of the traditional casting methods.<br>Create your own original tin item together with a special memory to take home with you.<\/p>\n\n\n\n<table class=\"tour\">\n\t\t<tbody>\n\t\t\t<tr>\n\t\t\t\t<th>Closed<\/th>\n\t\t\t\t<td>New Year\u2019s holiday<\/td>\n\t\t\t<\/tr>\n\t\t\t<tr>\n\t\t\t\t<th>Group size<\/th>\n\t\t\t\t<td>\n\t\t\t\t\t1-27 people for 90 min. class<br>\n\t\t\t\t\t1-18 people for 30 min. class\n\t\t\t\t<\/td>\n\t\t\t<\/tr>\n\t\t\t<tr>\n\t\t\t\t<th>Price &amp; Duration<\/th>\n\t\t\t\t<td>\n\t\t\t\t\tFor safety, children under 13 years old must be accompanied by a guardian to join the 90 min. class.<br>\n\t\t\t\t\tChildren over 6 years old can join the 30 min. class (\u201cChopstick rest &#8211; Animal \/ Flower\u201d course) without a guardian.<br>\n\t\t\t\t\t<p class=\"fee_duration\">\n\t\t\t\t\t<b>[ 90 min. class ]<\/b><br>\n\t\t\t\t\tStart time 10:30 \/ 13:30 \/ 15:30<br>\n\t\t\t\t\tPlease choose your item at the shop counter on that day. \n\t\t\t\t\t<\/p>\n\t\t\t\t\t<div id=\"factory_items\" class=\"clearfix\"><div class=\"factory_item_box\">\r\n<p class=\"num\">1<\/p>\r\n\t<figure><a href=\"javascript:return false;\" data-remodal-target=\"factory_item_modal_4000_0\"><img decoding=\"async\" src=\"https:\/\/www.nousaku.co.jp\/en\/cms\/wp-content\/uploads\/2023\/04\/item11_02.jpg\" alt=\"\"><\/a><\/figure>\r\n\t<p class=\"item_ttl\">Sake cup &#8211; Mountain<span><\/span><\/p>\r\n\t<p>4,500 JPY (4,950 JPY tax incl.)<\/p>\r\n<\/div><div class=\"factory_item_box\">\r\n<p class=\"num\">2<\/p>\r\n\t<figure><a href=\"javascript:return false;\" data-remodal-target=\"factory_item_modal_4000_1\"><img decoding=\"async\" src=\"https:\/\/www.nousaku.co.jp\/en\/cms\/wp-content\/uploads\/2023\/04\/item12_02.jpg\" alt=\"\"><\/a><\/figure>\r\n\t<p class=\"item_ttl\">Sake cup &#8211; Round<span><\/span><\/p>\r\n\t<p>4,500 JPY (4,950 JPY tax incl.)<\/p>\r\n<\/div><div class=\"factory_item_box\">\r\n<p class=\"num\">3<\/p>\r\n\t<figure><a href=\"javascript:return false;\" data-remodal-target=\"factory_item_modal_4000_2\"><img decoding=\"async\" src=\"https:\/\/www.nousaku.co.jp\/en\/cms\/wp-content\/uploads\/2019\/05\/item02.jpg\" alt=\"\"><\/a><\/figure>\r\n\t<p class=\"item_ttl\">Small bowl<span><\/span><\/p>\r\n\t<p>4,500 JPY (4,950 JPY tax incl.)<\/p>\r\n<\/div><div class=\"factory_item_box\">\r\n<p class=\"num\">4<\/p>\r\n\t<figure><a href=\"javascript:return false;\" data-remodal-target=\"factory_item_modal_4000_3\"><img decoding=\"async\" src=\"https:\/\/www.nousaku.co.jp\/en\/cms\/wp-content\/uploads\/2019\/05\/item03.jpg\" alt=\"\"><\/a><\/figure>\r\n\t<p class=\"item_ttl\">Heart-shaped small bowl<span><\/span><\/p>\r\n\t<p>4,500 JPY (4,950 JPY tax incl.)<\/p>\r\n<\/div><div class=\"factory_item_box\">\r\n<p class=\"num\">5<\/p>\r\n\t<figure><a href=\"javascript:return false;\" data-remodal-target=\"factory_item_modal_4000_4\"><img decoding=\"async\" src=\"https:\/\/www.nousaku.co.jp\/en\/cms\/wp-content\/uploads\/2019\/05\/item05.jpg\" alt=\"\"><\/a><\/figure>\r\n\t<p class=\"item_ttl\">Small plate<span><\/span><\/p>\r\n\t<p>3,500 JPY (3,850 JPY tax incl.)<\/p>\r\n<\/div><div class=\"factory_item_box\">\r\n<p class=\"num\">6<\/p>\r\n\t<figure><a href=\"javascript:return false;\" data-remodal-target=\"factory_item_modal_4000_5\"><img decoding=\"async\" src=\"https:\/\/www.nousaku.co.jp\/en\/cms\/wp-content\/uploads\/2019\/05\/item06.jpg\" alt=\"\"><\/a><\/figure>\r\n\t<p class=\"item_ttl\">Heart-shaped small plate<span><\/span><\/p>\r\n\t<p>3,500 JPY (3,850 JPY tax incl.)<\/p>\r\n<\/div><\/div>\n\t\t\t\t\t <div id=\"factory_items\" class=\"clearfix\"><div class=\"factory_item_box\">\r\n<p class=\"num\">7<\/p>\r\n\t<figure><a href=\"javascript:return false;\" data-remodal-target=\"factory_item_modal_2500_0\"><img decoding=\"async\" src=\"https:\/\/www.nousaku.co.jp\/en\/cms\/wp-content\/uploads\/2019\/05\/item07.jpg\" alt=\"\"><\/a><\/figure>\r\n\t<p class=\"item_ttl\">Chopstick rest &#8211; set of 2<span><\/span><\/p>\r\n\t<p>3,500 JPY (3,850 JPY tax incl.) <\/p>\r\n<\/div><\/div>\n\t\t\t\t\t<p>\n\t\t\t\t\t\t<b>[ 30 min. class ]<\/b><br>\n\t\t\t\t\t\tStart time 13:00 \/ 15:00<br>\n\t\t\t\t\t\tPlease choose your item at the shop counter on that day.<br><br>\nFor the 30 min. class, each participant may create up to two pieces.<br>\n* \u201cChopstick rest &#8211; Flower\u201d: choose your preferred design.<br>\n* \u201cChopstick rest &#8211; Animal\u201d: One design will be provided at random from the 12 available designs.<br><br>\nPlease let us know your preferences when you check in at our shop before the workshop.\n\t\t\t\t\t<\/p>\n\t\t\t\t\t <div id=\"factory_items\" class=\"clearfix\"><div class=\"factory_item_box\">\r\n<p class=\"num\">8<\/p>\r\n\t<figure><a href=\"javascript:return false;\" data-remodal-target=\"factory_item_modal_1000_0\"><img decoding=\"async\" src=\"https:\/\/www.nousaku.co.jp\/en\/cms\/wp-content\/uploads\/2025\/07\/item14.jpg\" alt=\"\"><\/a><\/figure>\r\n\t<p class=\"item_ttl\">Chopstick rest &#8211; Flower (3 designs)<span><\/span><\/p>\r\n\t<p>6 - 12 years old: 500 JPY (550 JPY tax incl.) per piece (up to 2 pieces\/person)<br \/>\r\nOthers: 1,000 JPY (1,100 JPY tax incl.) per piece (up to 2 pieces\/person)<\/p>\r\n<\/div><div class=\"factory_item_box\">\r\n<p class=\"num\">9<\/p>\r\n\t<figure><a href=\"javascript:return false;\" data-remodal-target=\"factory_item_modal_1000_1\"><img decoding=\"async\" src=\"https:\/\/www.nousaku.co.jp\/en\/cms\/wp-content\/uploads\/2019\/05\/item10.jpg\" alt=\"\"><\/a><\/figure>\r\n\t<p class=\"item_ttl\">Chopstick rest &#8211; Animal (12 designs)<span><\/span><\/p>\r\n\t<p>6 - 12 years old: 500 JPY (550 JPY tax incl.) per piece (up to 2 pieces\/person)<br \/>\r\nOthers: 1,000 JPY (1,100 JPY tax incl.) per piece (up to 2 pieces\/person)<\/p>\r\n<\/div><\/div>\n\t\t\t\t<\/td>\n\t\t\t<\/tr>\n\t\t\t<tr>\n\t\t\t\t<th>Original Gift Box<\/th>\n\t\t\t\t<td>\n\t\t\t\t\t<div class=\"flex-box original-box\">\n\t\t\t\t\t\t<p>\n\t\t\t\t\t\t\t300 JPY (330 JPY tax incl.)<br>\n\t\t\t\t\t\t\tYou can take home your creation from the Casting Workshop in this gift box.<br>Gift wrapping is also available free of charge.\n\t\t\t\t\t\t<\/p>\n\t\t\t\t\t\t<figure><img decoding=\"async\" src=\"..\/..\/img\/factory\/img_original_box.jpg\" alt=\"Original Gift Box\"><\/figure>\n\t\t\t\t\t<\/div>\n\t\t\t\t<\/td>\n\t\t\t<\/tr>\n\t\t\t<tr>\n\t\t\t\t<th>Meeting point<\/th>\n\t\t\t\t<td>NOUSAKU LAB in the building<br>\n\t\t\t\t\t<span class=\"txt-indent\">\u2013 Please make a payment at FACTORY SHOP 10 minutes before the start time of the workshop.<\/span>\n\t\t\t\t<\/td>\n\t\t\t<\/tr>\n\t\t\t<tr>\n\t\t\t\t<th>Notes<\/th>\n\t\t\t\t<td>\n\t\t\t\t\t<span class=\"txt-indent\">\u2013 Your entry to the workshop will be refused while intoxicated.<\/span>\n                    <span class=\"txt-indent\">\u2013 Please follow our instructions during the workshop to ensure your safety.<\/span>\n                    <span class=\"txt-indent\">\u2013 Photography and video recording without using a flash are allowed \u2013 but for personal use only.<\/span>\n                    <span class=\"txt-indent\">\u2013 You may be asked to join with other groups depending on staff availability.<\/span>\n                    <span class=\"txt-indent\">\u2013 Please note that we shall not bear any responsibility for any accidents or injuries as a result of personal issues.<\/span>\n                    <span class=\"txt-indent\">\u2013 Please refrain from drinking, eating or smoking inside NOUSAKU LAB. <\/span>\n                    <span class=\"txt-indent\">\u2013 Appropriate clothing and footwear are recommended as we use sand during the workshop.<\/span>\n                    <span class=\"txt-indent\">\u2013 Please note that the workshop might take longer than scheduled time.<\/span>\n\t\t\t\t<\/td>\n\t\t\t<\/tr>\n\t\t<\/tbody>\n\t<\/table>\n\n\n\n<p><a href=\"..\/..\/reservation\/\" class=\"btn-link\">Reservation<\/a><\/p>\n\n\n<div class=\"remodal factory_item_modal\" data-remodal-id=\"factory_item_modal_4000_0\">\r\n\t<a data-remodal-action=\"close\" class=\"remodal-close\"><img decoding=\"async\" src=\"https:\/\/www.nousaku.co.jp\/en\/img\/factory\/icon_close.png\" alt=\"\"><\/a>\r\n\t<p class=\"factory_item_modal_title\">Sake cup &#8211; Mountain <span><\/span><\/p>\r\n\t<div class=\"clearfix\">\r\n\t\t<div class=\"l_box\">\r\n\t\t\t<figure><img decoding=\"async\" src=\"https:\/\/www.nousaku.co.jp\/en\/cms\/wp-content\/uploads\/2023\/04\/item11_02.jpg\" alt=\"\"><\/figure>\r\n\t\t<\/div>\r\n\t\t<div class=\"r_box\">\r\n            <p>4,500 JPY (4,950 JPY tax incl.)<\/p>\r\n\t\t\t<p>[ 90 min. class ]\r\nStart time 10:30 \/ 13:30 \/ 15:30<\/p>\r\n\t\t\t<p class=\"factory_item_modal_size\">H35\u00d7\u03a664mm<\/p>\r\n\t\t<\/div>\r\n\t<\/div>\r\n\t<p class=\"factory_item_modal_detail\"><\/p>\r\n<\/div><div class=\"remodal factory_item_modal\" data-remodal-id=\"factory_item_modal_4000_1\">\r\n\t<a data-remodal-action=\"close\" class=\"remodal-close\"><img decoding=\"async\" src=\"https:\/\/www.nousaku.co.jp\/en\/img\/factory\/icon_close.png\" alt=\"\"><\/a>\r\n\t<p class=\"factory_item_modal_title\">Sake cup &#8211; Round <span><\/span><\/p>\r\n\t<div class=\"clearfix\">\r\n\t\t<div class=\"l_box\">\r\n\t\t\t<figure><img decoding=\"async\" src=\"https:\/\/www.nousaku.co.jp\/en\/cms\/wp-content\/uploads\/2023\/04\/item12_02.jpg\" alt=\"\"><\/figure>\r\n\t\t<\/div>\r\n\t\t<div class=\"r_box\">\r\n            <p>4,500 JPY (4,950 JPY tax incl.)<\/p>\r\n\t\t\t<p>[ 90 min. class ]\r\nStart time 10:30 \/ 13:30 \/ 15:30<\/p>\r\n\t\t\t<p class=\"factory_item_modal_size\">H32\u00d7\u03a663mm<\/p>\r\n\t\t<\/div>\r\n\t<\/div>\r\n\t<p class=\"factory_item_modal_detail\"><\/p>\r\n<\/div><div class=\"remodal factory_item_modal\" data-remodal-id=\"factory_item_modal_4000_2\">\r\n\t<a data-remodal-action=\"close\" class=\"remodal-close\"><img decoding=\"async\" src=\"https:\/\/www.nousaku.co.jp\/en\/img\/factory\/icon_close.png\" alt=\"\"><\/a>\r\n\t<p class=\"factory_item_modal_title\">Small bowl <span><\/span><\/p>\r\n\t<div class=\"clearfix\">\r\n\t\t<div class=\"l_box\">\r\n\t\t\t<figure><img decoding=\"async\" src=\"https:\/\/www.nousaku.co.jp\/en\/cms\/wp-content\/uploads\/2019\/05\/item02.jpg\" alt=\"\"><\/figure>\r\n\t\t<\/div>\r\n\t\t<div class=\"r_box\">\r\n            <p>4,500 JPY (4,950 JPY tax incl.)<\/p>\r\n\t\t\t<p>[ 90 min. class ]\r\nStart time 10:30 \/ 13:30 \/ 15:30<\/p>\r\n\t\t\t<p class=\"factory_item_modal_size\">H25\u00d7\u03c678mm<\/p>\r\n\t\t<\/div>\r\n\t<\/div>\r\n\t<p class=\"factory_item_modal_detail\"><\/p>\r\n<\/div><div class=\"remodal factory_item_modal\" data-remodal-id=\"factory_item_modal_4000_3\">\r\n\t<a data-remodal-action=\"close\" class=\"remodal-close\"><img decoding=\"async\" src=\"https:\/\/www.nousaku.co.jp\/en\/img\/factory\/icon_close.png\" alt=\"\"><\/a>\r\n\t<p class=\"factory_item_modal_title\">Heart-shaped small bowl <span><\/span><\/p>\r\n\t<div class=\"clearfix\">\r\n\t\t<div class=\"l_box\">\r\n\t\t\t<figure><img decoding=\"async\" src=\"https:\/\/www.nousaku.co.jp\/en\/cms\/wp-content\/uploads\/2019\/05\/item03.jpg\" alt=\"\"><\/figure>\r\n\t\t<\/div>\r\n\t\t<div class=\"r_box\">\r\n            <p>4,500 JPY (4,950 JPY tax incl.)<\/p>\r\n\t\t\t<p>[ 90 min. class ]\r\nStart time 10:30 \/ 13:30 \/ 15:30<\/p>\r\n\t\t\t<p class=\"factory_item_modal_size\">H25\u00d7W75\u00d7D65mm<\/p>\r\n\t\t<\/div>\r\n\t<\/div>\r\n\t<p class=\"factory_item_modal_detail\"><\/p>\r\n<\/div><div class=\"remodal factory_item_modal\" data-remodal-id=\"factory_item_modal_4000_4\">\r\n\t<a data-remodal-action=\"close\" class=\"remodal-close\"><img decoding=\"async\" src=\"https:\/\/www.nousaku.co.jp\/en\/img\/factory\/icon_close.png\" alt=\"\"><\/a>\r\n\t<p class=\"factory_item_modal_title\">Small plate <span><\/span><\/p>\r\n\t<div class=\"clearfix\">\r\n\t\t<div class=\"l_box\">\r\n\t\t\t<figure><img decoding=\"async\" src=\"https:\/\/www.nousaku.co.jp\/en\/cms\/wp-content\/uploads\/2019\/05\/item05.jpg\" alt=\"\"><\/figure>\r\n\t\t<\/div>\r\n\t\t<div class=\"r_box\">\r\n            <p>3,500 JPY (3,850 JPY tax incl.)<\/p>\r\n\t\t\t<p>[ 90 min. class ]\r\nStart time 10:30 \/ 13:30 \/ 15:30<\/p>\r\n\t\t\t<p class=\"factory_item_modal_size\">H12\u00d7\u03c690mm<\/p>\r\n\t\t<\/div>\r\n\t<\/div>\r\n\t<p class=\"factory_item_modal_detail\"><\/p>\r\n<\/div><div class=\"remodal factory_item_modal\" data-remodal-id=\"factory_item_modal_4000_5\">\r\n\t<a data-remodal-action=\"close\" class=\"remodal-close\"><img decoding=\"async\" src=\"https:\/\/www.nousaku.co.jp\/en\/img\/factory\/icon_close.png\" alt=\"\"><\/a>\r\n\t<p class=\"factory_item_modal_title\">Heart-shaped small plate <span><\/span><\/p>\r\n\t<div class=\"clearfix\">\r\n\t\t<div class=\"l_box\">\r\n\t\t\t<figure><img decoding=\"async\" src=\"https:\/\/www.nousaku.co.jp\/en\/cms\/wp-content\/uploads\/2019\/05\/item06.jpg\" alt=\"\"><\/figure>\r\n\t\t<\/div>\r\n\t\t<div class=\"r_box\">\r\n            <p>3,500 JPY (3,850 JPY tax incl.)<\/p>\r\n\t\t\t<p>[ 90 min. class ]\r\nStart time 10:30 \/ 13:30 \/ 15:30<\/p>\r\n\t\t\t<p class=\"factory_item_modal_size\">H10\u00d7W85\u00d7D75mm<\/p>\r\n\t\t<\/div>\r\n\t<\/div>\r\n\t<p class=\"factory_item_modal_detail\"><\/p>\r\n<\/div>\n\n\n<div class=\"remodal factory_item_modal\" data-remodal-id=\"factory_item_modal_2500_0\">\r\n\t<a data-remodal-action=\"close\" class=\"remodal-close\"><img decoding=\"async\" src=\"https:\/\/www.nousaku.co.jp\/en\/img\/factory\/icon_close.png\" alt=\"\"><\/a>\r\n\t<p class=\"factory_item_modal_title\">Chopstick rest &#8211; set of 2 <span><\/span><\/p>\r\n\t<div class=\"clearfix\">\r\n\t\t<div class=\"l_box\">\r\n\t\t\t<figure><img decoding=\"async\" src=\"https:\/\/www.nousaku.co.jp\/en\/cms\/wp-content\/uploads\/2019\/05\/item07.jpg\" alt=\"\"><\/figure>\r\n\t\t<\/div>\r\n\t\t<div class=\"r_box\">\r\n            <p>3,500 JPY (3,850 JPY tax incl.) <\/p>\r\n\t\t\t<p>[ 90 min. class ]\r\nStart time 10:30 \/ 13:30 \/ 15:30<\/p>\r\n\t\t\t<p class=\"factory_item_modal_size\">Long : H4\u00d7W80\u00d7D12mm<br>Short : H4\u00d7W60\u00d7D12mm<\/p>\r\n\t\t<\/div>\r\n\t<\/div>\r\n\t<p class=\"factory_item_modal_detail\"><\/p>\r\n<\/div>\n\n\n<div class=\"remodal factory_item_modal\" data-remodal-id=\"factory_item_modal_1000_0\">\r\n\t<a data-remodal-action=\"close\" class=\"remodal-close\"><img decoding=\"async\" src=\"https:\/\/www.nousaku.co.jp\/en\/img\/factory\/icon_close.png\" alt=\"\"><\/a>\r\n\t<p class=\"factory_item_modal_title\">Chopstick rest &#8211; Flower (3 designs) <span><\/span><\/p>\r\n\t<div class=\"clearfix\">\r\n\t\t<div class=\"l_box\">\r\n\t\t\t<figure><img decoding=\"async\" src=\"https:\/\/www.nousaku.co.jp\/en\/cms\/wp-content\/uploads\/2025\/07\/item14.jpg\" alt=\"\"><\/figure>\r\n\t\t<\/div>\r\n\t\t<div class=\"r_box\">\r\n            <p>6 - 12 years old: 500 JPY (550 JPY tax incl.) per piece (up to 2 pieces\/person)<br \/>\r\nOthers: 1,000 JPY (1,100 JPY tax incl.) per piece (up to 2 pieces\/person)<\/p>\r\n\t\t\t<p>[ 30 min. class ]\r\nStart time 13:00 \/ 15:00<\/p>\r\n\t\t\t<p class=\"factory_item_modal_size\">Sakura \u03a637mm<br \/>\r\nDahlia  \u03a637mm<br \/>\r\nLeaf   W30mm\u00d7L37mm<\/p>\r\n\t\t<\/div>\r\n\t<\/div>\r\n\t<p class=\"factory_item_modal_detail\"><\/p>\r\n<\/div><div class=\"remodal factory_item_modal\" data-remodal-id=\"factory_item_modal_1000_1\">\r\n\t<a data-remodal-action=\"close\" class=\"remodal-close\"><img decoding=\"async\" src=\"https:\/\/www.nousaku.co.jp\/en\/img\/factory\/icon_close.png\" alt=\"\"><\/a>\r\n\t<p class=\"factory_item_modal_title\">Chopstick rest &#8211; Animal (12 designs) <span><\/span><\/p>\r\n\t<div class=\"clearfix\">\r\n\t\t<div class=\"l_box\">\r\n\t\t\t<figure><img decoding=\"async\" src=\"https:\/\/www.nousaku.co.jp\/en\/cms\/wp-content\/uploads\/2019\/05\/item10.jpg\" alt=\"\"><\/figure>\r\n\t\t<\/div>\r\n\t\t<div class=\"r_box\">\r\n            <p>6 - 12 years old: 500 JPY (550 JPY tax incl.) per piece (up to 2 pieces\/person)<br \/>\r\nOthers: 1,000 JPY (1,100 JPY tax incl.) per piece (up to 2 pieces\/person)<\/p>\r\n\t\t\t<p>[ 30 min. class ]\r\nStart time 13:00 \/ 15:00<\/p>\r\n\t\t\t<p class=\"factory_item_modal_size\">\u03c640mm<\/p>\r\n\t\t<\/div>\r\n\t<\/div>\r\n\t<p class=\"factory_item_modal_detail\"><\/p>\r\n<\/div>\n","protected":false},"excerpt":{"rendered":"<p>You can try hands-on tin casting in this workshop, using sand casting, which is one of the traditional casting [&hellip;]<\/p>\n","protected":false},"author":1,"featured_media":0,"parent":95,"menu_order":0,"comment_status":"closed","ping_status":"closed","template":"","meta":{"_acf_changed":false,"footnotes":""},"class_list":["post-146","page","type-page","status-publish","hentry","entry"],"acf":[],"_links":{"self":[{"href":"https:\/\/www.nousaku.co.jp\/en\/wp-json\/wp\/v2\/pages\/146","targetHints":{"allow":["GET"]}}],"collection":[{"href":"https:\/\/www.nousaku.co.jp\/en\/wp-json\/wp\/v2\/pages"}],"about":[{"href":"https:\/\/www.nousaku.co.jp\/en\/wp-json\/wp\/v2\/types\/page"}],"author":[{"embeddable":true,"href":"https:\/\/www.nousaku.co.jp\/en\/wp-json\/wp\/v2\/users\/1"}],"replies":[{"embeddable":true,"href":"https:\/\/www.nousaku.co.jp\/en\/wp-json\/wp\/v2\/comments?post=146"}],"version-history":[{"count":31,"href":"https:\/\/www.nousaku.co.jp\/en\/wp-json\/wp\/v2\/pages\/146\/revisions"}],"predecessor-version":[{"id":1585,"href":"https:\/\/www.nousaku.co.jp\/en\/wp-json\/wp\/v2\/pages\/146\/revisions\/1585"}],"up":[{"embeddable":true,"href":"https:\/\/www.nousaku.co.jp\/en\/wp-json\/wp\/v2\/pages\/95"}],"wp:attachment":[{"href":"https:\/\/www.nousaku.co.jp\/en\/wp-json\/wp\/v2\/media?parent=146"}],"curies":[{"name":"wp","href":"https:\/\/api.w.org\/{rel}","templated":true}]}}